{"id":5,"date":"2022-08-16T19:56:39","date_gmt":"2022-08-17T00:56:39","guid":{"rendered":"https:\/\/hkarquitectos.co\/index.php\/home\/"},"modified":"2024-07-10T05:15:15","modified_gmt":"2024-07-10T10:15:15","slug":"home","status":"publish","type":"page","link":"https:\/\/hkarquitectos.co\/","title":{"rendered":""},"content":{"rendered":"\n<figure class=\"wp-block-image\"><img loading=\"lazy\" decoding=\"async\" width=\"767\" height=\"526\" src=\"https:\/\/hkarquitectos.co\/wp-content\/uploads\/2022\/08\/11215759_803565526364250_5500895101926483787_n-1.jpg\" alt=\"\" class=\"wp-image-49\" srcset=\"https:\/\/hkarquitectos.co\/wp-content\/uploads\/2022\/08\/11215759_803565526364250_5500895101926483787_n-1.jpg 767w, https:\/\/hkarquitectos.co\/wp-content\/uploads\/2022\/08\/11215759_803565526364250_5500895101926483787_n-1-300x206.jpg 300w\" sizes=\"(max-width: 767px) 100vw, 767px\" \/><figcaption>Apasionado por el equilibrio entre la belleza, la funcionalidad y el valor de los espacios, experto en gesti\u00f3n y ejecuci\u00f3n de proyectos, manejo de personal, planimetria en AutoCad, Renderizado en 3DStudio Max \/ Corona renderer, remodelaciones, obra civil y dise\u00f1o arquitect\u00f3nico.<br>Con mas de 15 a\u00f1os de experiencia mi objetivo es conectarme a fondo con mis clientes de manera que puedan materializar sus ideas en perfecta armon\u00eda con sus expectativas, con un acompa\u00f1amiento profesional y una asesor\u00eda real y de contenido. Actualmente cuento con clientes satisfechos en Estados Unidos, Espa\u00f1a, M\u00e9xico y Colombia.<br>&#8220;menos es mas&#8221;&#8230; Mies van der Roh<br><strong><mark style=\"background-color:rgba(0, 0, 0, 0)\" class=\"has-inline-color has-black-color\">Helber Arcila<\/mark><\/strong><\/figcaption><\/figure>\n\n\n\n<p><\/p>\n","protected":false},"excerpt":{"rendered":"","protected":false},"author":1,"featured_media":0,"parent":0,"menu_order":0,"comment_status":"closed","ping_status":"closed","template":"page-templates\/frontpage.php","meta":{"footnotes":""},"class_list":["post-5","page","type-page","status-publish","hentry"],"yoast_head":"<!-- This site is optimized with the Yoast SEO plugin v25.6 - https:\/\/yoast.com\/wordpress\/plugins\/seo\/ -->\n<title>- hk arquitectos<\/title>\n<meta name=\"description\" content=\"Dise\u00f1o arquitect\u00f3nico, Obra civil, Remodelaciones, Dise\u00f1o interior, Renderizado de proyectos, Impermeabilizaciones, Mantenimientos locativos!\" \/>\n<meta name=\"robots\" content=\"index, follow, max-snippet:-1, max-image-preview:large, max-video-preview:-1\" \/>\n<link rel=\"canonical\" href=\"https:\/\/hkarquitectos.co\/\" \/>\n<meta property=\"og:locale\" content=\"en_US\" \/>\n<meta property=\"og:type\" content=\"article\" \/>\n<meta property=\"og:title\" content=\"- hk arquitectos\" \/>\n<meta property=\"og:description\" content=\"Dise\u00f1o arquitect\u00f3nico, Obra civil, Remodelaciones, Dise\u00f1o interior, Renderizado de proyectos, Impermeabilizaciones, Mantenimientos locativos!\" \/>\n<meta property=\"og:url\" content=\"https:\/\/hkarquitectos.co\/\" \/>\n<meta property=\"og:site_name\" content=\"hk arquitectos\" \/>\n<meta property=\"article:publisher\" content=\"https:\/\/www.facebook.com\/hkarquitectosBog\" \/>\n<meta property=\"article:modified_time\" content=\"2024-07-10T10:15:15+00:00\" \/>\n<meta property=\"og:image\" content=\"https:\/\/hkarquitectos.co\/wp-content\/uploads\/2022\/08\/11215759_803565526364250_5500895101926483787_n-1.jpg\" \/>\n<meta name=\"twitter:card\" content=\"summary_large_image\" \/>\n<meta name=\"twitter:label1\" content=\"Est. reading time\" \/>\n\t<meta name=\"twitter:data1\" content=\"1 minute\" \/>\n<script type=\"application\/ld+json\" class=\"yoast-schema-graph\">{\"@context\":\"https:\/\/schema.org\",\"@graph\":[{\"@type\":\"WebPage\",\"@id\":\"https:\/\/hkarquitectos.co\/\",\"url\":\"https:\/\/hkarquitectos.co\/\",\"name\":\"- hk arquitectos\",\"isPartOf\":{\"@id\":\"https:\/\/hkarquitectos.co\/#website\"},\"primaryImageOfPage\":{\"@id\":\"https:\/\/hkarquitectos.co\/#primaryimage\"},\"image\":{\"@id\":\"https:\/\/hkarquitectos.co\/#primaryimage\"},\"thumbnailUrl\":\"https:\/\/hkarquitectos.co\/wp-content\/uploads\/2022\/08\/11215759_803565526364250_5500895101926483787_n-1.jpg\",\"datePublished\":\"2022-08-17T00:56:39+00:00\",\"dateModified\":\"2024-07-10T10:15:15+00:00\",\"description\":\"Dise\u00f1o arquitect\u00f3nico, Obra civil, Remodelaciones, Dise\u00f1o interior, Renderizado de proyectos, Impermeabilizaciones, Mantenimientos locativos!\",\"inLanguage\":\"en-US\",\"potentialAction\":[{\"@type\":\"ReadAction\",\"target\":[\"https:\/\/hkarquitectos.co\/\"]}]},{\"@type\":\"ImageObject\",\"inLanguage\":\"en-US\",\"@id\":\"https:\/\/hkarquitectos.co\/#primaryimage\",\"url\":\"https:\/\/hkarquitectos.co\/wp-content\/uploads\/2022\/08\/11215759_803565526364250_5500895101926483787_n-1.jpg\",\"contentUrl\":\"https:\/\/hkarquitectos.co\/wp-content\/uploads\/2022\/08\/11215759_803565526364250_5500895101926483787_n-1.jpg\",\"width\":767,\"height\":526},{\"@type\":\"WebSite\",\"@id\":\"https:\/\/hkarquitectos.co\/#website\",\"url\":\"https:\/\/hkarquitectos.co\/\",\"name\":\"hk arquitectos\",\"description\":\"\",\"publisher\":{\"@id\":\"https:\/\/hkarquitectos.co\/#organization\"},\"potentialAction\":[{\"@type\":\"SearchAction\",\"target\":{\"@type\":\"EntryPoint\",\"urlTemplate\":\"https:\/\/hkarquitectos.co\/?s={search_term_string}\"},\"query-input\":{\"@type\":\"PropertyValueSpecification\",\"valueRequired\":true,\"valueName\":\"search_term_string\"}}],\"inLanguage\":\"en-US\"},{\"@type\":\"Organization\",\"@id\":\"https:\/\/hkarquitectos.co\/#organization\",\"name\":\"hk arquitectos\",\"url\":\"https:\/\/hkarquitectos.co\/\",\"logo\":{\"@type\":\"ImageObject\",\"inLanguage\":\"en-US\",\"@id\":\"https:\/\/hkarquitectos.co\/#\/schema\/logo\/image\/\",\"url\":\"https:\/\/hkarquitectos.co\/wp-content\/uploads\/2022\/08\/banner-9.jpg\",\"contentUrl\":\"https:\/\/hkarquitectos.co\/wp-content\/uploads\/2022\/08\/banner-9.jpg\",\"width\":1920,\"height\":1080,\"caption\":\"hk arquitectos\"},\"image\":{\"@id\":\"https:\/\/hkarquitectos.co\/#\/schema\/logo\/image\/\"},\"sameAs\":[\"https:\/\/www.facebook.com\/hkarquitectosBog\",\"https:\/\/www.instagram.com\/hk__design\/\"]}]}<\/script>\n<!-- \/ Yoast SEO plugin. -->","yoast_head_json":{"title":"- hk arquitectos","description":"Dise\u00f1o arquitect\u00f3nico, Obra civil, Remodelaciones, Dise\u00f1o interior, Renderizado de proyectos, Impermeabilizaciones, Mantenimientos locativos!","robots":{"index":"index","follow":"follow","max-snippet":"max-snippet:-1","max-image-preview":"max-image-preview:large","max-video-preview":"max-video-preview:-1"},"canonical":"https:\/\/hkarquitectos.co\/","og_locale":"en_US","og_type":"article","og_title":"- hk arquitectos","og_description":"Dise\u00f1o arquitect\u00f3nico, Obra civil, Remodelaciones, Dise\u00f1o interior, Renderizado de proyectos, Impermeabilizaciones, Mantenimientos locativos!","og_url":"https:\/\/hkarquitectos.co\/","og_site_name":"hk arquitectos","article_publisher":"https:\/\/www.facebook.com\/hkarquitectosBog","article_modified_time":"2024-07-10T10:15:15+00:00","og_image":[{"url":"https:\/\/hkarquitectos.co\/wp-content\/uploads\/2022\/08\/11215759_803565526364250_5500895101926483787_n-1.jpg","type":"","width":"","height":""}],"twitter_card":"summary_large_image","twitter_misc":{"Est. reading time":"1 minute"},"schema":{"@context":"https:\/\/schema.org","@graph":[{"@type":"WebPage","@id":"https:\/\/hkarquitectos.co\/","url":"https:\/\/hkarquitectos.co\/","name":"- hk arquitectos","isPartOf":{"@id":"https:\/\/hkarquitectos.co\/#website"},"primaryImageOfPage":{"@id":"https:\/\/hkarquitectos.co\/#primaryimage"},"image":{"@id":"https:\/\/hkarquitectos.co\/#primaryimage"},"thumbnailUrl":"https:\/\/hkarquitectos.co\/wp-content\/uploads\/2022\/08\/11215759_803565526364250_5500895101926483787_n-1.jpg","datePublished":"2022-08-17T00:56:39+00:00","dateModified":"2024-07-10T10:15:15+00:00","description":"Dise\u00f1o arquitect\u00f3nico, Obra civil, Remodelaciones, Dise\u00f1o interior, Renderizado de proyectos, Impermeabilizaciones, Mantenimientos locativos!","inLanguage":"en-US","potentialAction":[{"@type":"ReadAction","target":["https:\/\/hkarquitectos.co\/"]}]},{"@type":"ImageObject","inLanguage":"en-US","@id":"https:\/\/hkarquitectos.co\/#primaryimage","url":"https:\/\/hkarquitectos.co\/wp-content\/uploads\/2022\/08\/11215759_803565526364250_5500895101926483787_n-1.jpg","contentUrl":"https:\/\/hkarquitectos.co\/wp-content\/uploads\/2022\/08\/11215759_803565526364250_5500895101926483787_n-1.jpg","width":767,"height":526},{"@type":"WebSite","@id":"https:\/\/hkarquitectos.co\/#website","url":"https:\/\/hkarquitectos.co\/","name":"hk arquitectos","description":"","publisher":{"@id":"https:\/\/hkarquitectos.co\/#organization"},"potentialAction":[{"@type":"SearchAction","target":{"@type":"EntryPoint","urlTemplate":"https:\/\/hkarquitectos.co\/?s={search_term_string}"},"query-input":{"@type":"PropertyValueSpecification","valueRequired":true,"valueName":"search_term_string"}}],"inLanguage":"en-US"},{"@type":"Organization","@id":"https:\/\/hkarquitectos.co\/#organization","name":"hk arquitectos","url":"https:\/\/hkarquitectos.co\/","logo":{"@type":"ImageObject","inLanguage":"en-US","@id":"https:\/\/hkarquitectos.co\/#\/schema\/logo\/image\/","url":"https:\/\/hkarquitectos.co\/wp-content\/uploads\/2022\/08\/banner-9.jpg","contentUrl":"https:\/\/hkarquitectos.co\/wp-content\/uploads\/2022\/08\/banner-9.jpg","width":1920,"height":1080,"caption":"hk arquitectos"},"image":{"@id":"https:\/\/hkarquitectos.co\/#\/schema\/logo\/image\/"},"sameAs":["https:\/\/www.facebook.com\/hkarquitectosBog","https:\/\/www.instagram.com\/hk__design\/"]}]}},"_links":{"self":[{"href":"https:\/\/hkarquitectos.co\/index.php\/wp-json\/wp\/v2\/pages\/5"}],"collection":[{"href":"https:\/\/hkarquitectos.co\/index.php\/wp-json\/wp\/v2\/pages"}],"about":[{"href":"https:\/\/hkarquitectos.co\/index.php\/wp-json\/wp\/v2\/types\/page"}],"author":[{"embeddable":true,"href":"https:\/\/hkarquitectos.co\/index.php\/wp-json\/wp\/v2\/users\/1"}],"replies":[{"embeddable":true,"href":"https:\/\/hkarquitectos.co\/index.php\/wp-json\/wp\/v2\/comments?post=5"}],"version-history":[{"count":3,"href":"https:\/\/hkarquitectos.co\/index.php\/wp-json\/wp\/v2\/pages\/5\/revisions"}],"predecessor-version":[{"id":352,"href":"https:\/\/hkarquitectos.co\/index.php\/wp-json\/wp\/v2\/pages\/5\/revisions\/352"}],"wp:attachment":[{"href":"https:\/\/hkarquitectos.co\/index.php\/wp-json\/wp\/v2\/media?parent=5"}],"curies":[{"name":"wp","href":"https:\/\/api.w.org\/{rel}","templated":true}]}}